{"id":13,"date":"2020-12-03T10:12:07","date_gmt":"2020-12-03T10:12:07","guid":{"rendered":"http:\/\/webdev02.ticnux.com\/dicere\/?page_id=13"},"modified":"2021-09-15T11:10:29","modified_gmt":"2021-09-15T11:10:29","slug":"index-iq","status":"publish","type":"page","link":"http:\/\/webdev02.ticnux.com\/dicere\/index-iq\/?lang=es","title":{"rendered":"\u00cdndice IQ"},"content":{"rendered":"\t\t<div data-elementor-type=\"wp-page\" data-elementor-id=\"13\" class=\"elementor elementor-13\" data-elementor-settings=\"[]\">\n\t\t\t\t\t\t<div class=\"elementor-inner\">\n\t\t\t\t\t\t\t<div class=\"elementor-section-wrap\">\n\t\t\t\t\t\t\t<section class=\"has_eae_slider elementor-section elementor-top-section elementor-element elementor-element-74ede689 elementor-section-height-min-height elementor-section-boxed elementor-section-height-default elementor-section-items-middle\" data-id=\"74ede689\" data-element_type=\"section\">\n\t\t\t\t\t\t<div class=\"elementor-container elementor-column-gap-default\">\n\t\t\t\t\t\t\t<div class=\"elementor-row\">\n\t\t\t\t\t<div class=\"has_eae_slider elementor-column elementor-col-100 elementor-top-column elementor-element elementor-element-15647c34\" data-id=\"15647c34\" data-element_type=\"column\" data-settings=\"{&quot;background_background&quot;:&quot;classic&quot;}\">\n\t\t\t<div class=\"elementor-column-wrap elementor-element-populated\">\n\t\t\t\t\t\t\t<div class=\"elementor-widget-wrap\">\n\t\t\t\t\t\t<div class=\"elementor-element elementor-element-609b9bce banner elementor-widget elementor-widget-spacer\" data-id=\"609b9bce\" data-element_type=\"widget\" data-widget_type=\"spacer.default\">\n\t\t\t\t<div class=\"elementor-widget-container\">\n\t\t\t\t\t<div class=\"elementor-spacer\">\n\t\t\t<div class=\"elementor-spacer-inner\"><\/div>\n\t\t<\/div>\n\t\t\t\t<\/div>\n\t\t\t\t<\/div>\n\t\t\t\t<div class=\"elementor-element elementor-element-66523c4b elementor-widget__width-initial elementor-widget-mobile__width-initial elementor-absolute elementor-widget-tablet__width-initial elementor-widget elementor-widget-text-editor\" data-id=\"66523c4b\" data-element_type=\"widget\" data-settings=\"{&quot;_position&quot;:&quot;absolute&quot;}\" data-widget_type=\"text-editor.default\">\n\t\t\t\t<div class=\"elementor-widget-container\">\n\t\t\t\t\t\t\t\t<div class=\"elementor-text-editor elementor-clearfix\">\n\t\t\t\t<span style=\"font-weight: 400;\">Si puedes medir tu cultura, es que tambi\u00e9n puedes transformarla.<\/span>\t\t\t\t\t<\/div>\n\t\t\t\t\t\t<\/div>\n\t\t\t\t<\/div>\n\t\t\t\t<div class=\"elementor-element elementor-element-4f9795f4 elementor-widget__width-initial elementor-widget-mobile__width-initial elementor-absolute elementor-widget-tablet__width-initial elementor-widget elementor-widget-text-editor\" data-id=\"4f9795f4\" data-element_type=\"widget\" data-settings=\"{&quot;_position&quot;:&quot;absolute&quot;}\" data-widget_type=\"text-editor.default\">\n\t\t\t\t<div class=\"elementor-widget-container\">\n\t\t\t\t\t\t\t\t<div class=\"elementor-text-editor elementor-clearfix\">\n\t\t\t\t\u00cdndices InnoQuotient\t\t\t\t\t<\/div>\n\t\t\t\t\t\t<\/div>\n\t\t\t\t<\/div>\n\t\t\t\t\t\t<\/div>\n\t\t\t\t\t<\/div>\n\t\t<\/div>\n\t\t\t\t\t\t\t\t<\/div>\n\t\t\t\t\t<\/div>\n\t\t<\/section>\n\t\t\t\t<section class=\"has_eae_slider elementor-section elementor-top-section elementor-element elementor-element-28e58214 elementor-section-boxed elementor-section-height-default elementor-section-height-default\" data-id=\"28e58214\" data-element_type=\"section\">\n\t\t\t\t\t\t<div class=\"elementor-container elementor-column-gap-default\">\n\t\t\t\t\t\t\t<div class=\"elementor-row\">\n\t\t\t\t\t<div class=\"has_eae_slider elementor-column elementor-col-100 elementor-top-column elementor-element elementor-element-20f97593\" data-id=\"20f97593\" data-element_type=\"column\">\n\t\t\t<div class=\"elementor-column-wrap elementor-element-populated\">\n\t\t\t\t\t\t\t<div class=\"elementor-widget-wrap\">\n\t\t\t\t\t\t<div class=\"elementor-element elementor-element-3e5f0f56 titulo elementor-widget elementor-widget-heading\" data-id=\"3e5f0f56\" data-element_type=\"widget\" data-widget_type=\"heading.default\">\n\t\t\t\t<div class=\"elementor-widget-container\">\n\t\t\t<h3 class=\"elementor-heading-title elementor-size-large\">InnoQuotient en el mundo \n<\/h3>\t\t<\/div>\n\t\t\t\t<\/div>\n\t\t\t\t\t\t<\/div>\n\t\t\t\t\t<\/div>\n\t\t<\/div>\n\t\t\t\t\t\t\t\t<\/div>\n\t\t\t\t\t<\/div>\n\t\t<\/section>\n\t\t\t\t<section class=\"has_eae_slider elementor-section elementor-top-section elementor-element elementor-element-5f655009 elementor-section-full_width seccion elementor-section-height-default elementor-section-height-default\" data-id=\"5f655009\" data-element_type=\"section\">\n\t\t\t\t\t\t<div class=\"elementor-container elementor-column-gap-default\">\n\t\t\t\t\t\t\t<div class=\"elementor-row\">\n\t\t\t\t\t<div class=\"has_eae_slider elementor-column elementor-col-100 elementor-top-column elementor-element elementor-element-26bd78cf\" data-id=\"26bd78cf\" data-element_type=\"column\">\n\t\t\t<div class=\"elementor-column-wrap elementor-element-populated\">\n\t\t\t\t\t\t\t<div class=\"elementor-widget-wrap\">\n\t\t\t\t\t\t<div class=\"elementor-element elementor-element-20f9f66a elementor-widget elementor-widget-html\" data-id=\"20f9f66a\" data-element_type=\"widget\" data-widget_type=\"html.default\">\n\t\t\t\t<div class=\"elementor-widget-container\">\n\t\t\t<!-- Secci\u00f3n mapa -->\n\n<div id=\"map\" style=\"height:550px\"><\/div>\n\n    <link rel=\"stylesheet\" href=\"\/\/unpkg.com\/leaflet-gesture-handling\/dist\/leaflet-gesture-handling.min.css\" type=\"text\/css\">\n\n    <script type=\"text\/javascript\">\n\t\t$( document ).ready(function() {\n\t\tvar dragging = false;\n\t\n\t\tvar map = L.map('map', {\n\t\t\tminZoom: 1.7,\n\t\t\tmaxZoom: 1.7,\n\t\t\tscrollWheelZoom: false,\n\t\t\tdragging: dragging,\n\t\t\tzoomControl: false,\n\t\t\tgestureHandling: true\n\t\t});\n\t\tmap.setView([45, 0], 0);\n\t\t\n\t\t\/\/color de los poligonos\n\t\tfunction getColor(d) {\n\t\t\t\n\t\t\treturn \"#2d2d2d\";\n\t\t}\n\n        \/\/color de las l\u00edneas de separacion\n\t\tfunction style(feature) {\n\t\t\treturn {\n\t\t\t\tweight: 0.4,\n\t\t\t\topacity: 1,\n\t\t\t\tcolor: 'white',\n\t\t\t\tdashArray: '2',\n\t\t\t\tfillOpacity: 0.7,\n\t\t\t\tfillColor: getColor()\n\t\t\t};\n\t\t}\n\t\t\n\n\n\t\tfunction highlightFeature(e) {\n\t\t\tvar layer = e.target,\n\t\t\t\tpopup = L.popup();\n\n\t\t\t\/\/Recalculamos el centro de los pol\u00edgonos\n\t\t\tvar\tlatLng = e.target.getBounds().getCenter();\n\t\t\t\/\/A\u00f1adimos offset para evitar problemas con popup\n\t\t\tvar point = map.latLngToContainerPoint(latLng);\n\t\t\tvar newPoint = L.point([point.x, point.y - 40]);\n\t\t\tvar latLng = map.containerPointToLatLng(newPoint);\n\t\t\tvar fillColor=\"\";\n\t\t\t\n            \n            if(layer.feature.properties.iq===undefined ){\n                fillColor = \"#888889\";\n            } else {\n                fillColor=\"#DA8931\";\n            }\n            \n\t\t\t\/\/Color onmouseover\n\t\t\tlayer.setStyle({\n\t\t\t\tweight: 0,\n\t\t\t\tcolor: \"#2d2d2d\",\n\t\t\t\tfillColor: fillColor,\n\t\t\t\tdashArray: '',\n\t\t\t\tfillOpacity: 2\n\t\t\t});\n\n\t\t\t\n\n\t\t\t\/\/ Add popup on mouseover\n\t\t\tpopup.setLatLng(latLng)\n\t\t\t\t.setContent(\"Pa\u00eds: \" + layer.feature.properties.name + \". Iq: \" + layer.feature.properties.iq)\n\t\t\t\t.openOn(map);\n\n\t\t\t\/\/El popup no aparece correctamente en Rusian \n\t\t\t\/\/TODO: mirar otros pa\u00edses en los que el popup no aparece correctamente\n\t\t\tif(layer.feature.properties.name == \"Russia\")\n\t\t\t{\n\t\t\t\tvar latlng = L.latLng(70.5, 110.5);\n\t\t\t\tpopup.setLatLng(latlng)\n\t\t\t\t.setContent(\"Pa\u00eds: \" + layer.feature.properties.name + \". Iq: \" + layer.feature.properties.iq)\n\t\t\t\t.openOn(map);\n\n\t\t\t}\n\t\t\t\n\t\t\tif(layer.feature.properties.name == \"France\")\n\t\t\t{\n\t\t\t\tvar latlng = L.latLng(55, 0);\n\t\t\t\tpopup.setLatLng(latlng)\n\t\t\t\t.setContent(layer.feature.properties.name + \". IQ ICI: \" + layer.feature.properties.iq)\n\t\t\t\t.openOn(map);\n\n\t\t\t}\n\n\t\t}\n\n\t\tvar geojson;\n\n\t\tfunction resetHighlight(e) {\n\t\t\tvar layer = e.target;\n            \n           \n            var iqFloat = parseFloat(layer.feature.properties.iq)\n            var fillColor=\"#888889\";\n            if(iqFloat<2){\n                fillColor=\"#395f90 \";\n            } \n            if(iqFloat<3 && iqFloat>=2){\n                fillColor=\"#2978bf\";\n            }\n            if(iqFloat<4 && iqFloat>=3){\n                fillColor=\"#3690cf\";\n            }4\n            if(iqFloat>=4 ){\n                fillColor = \"#63b1dd\";\n            }\n            \/\/Color onmouseout\n\t\t\tlayer.setStyle({\n\t\t\t\t\"weight\": 1,\n\t\t\t\t\"color\":\"#ffffff\",\n\t\t\t\t\"fillColor\": fillColor,\n\t\t\t\t\"fillOpacity\":0.7\n\t\t\t});\n\t\t\t\n\t\t\t\/\/geojson.resetStyle(layer);\n\t\t\tmap.closePopup();\n\t\t}\n\n\t\tfunction zoomToFeature(e) {\n\t\t\tmap.fitBounds(e.target.getBounds());\n\t\t}\n        \n\t\tfunction onEachFeature(feature, layer) {\n\t\t\t\/\/calcular si est\u00e1 en m\u00f3vil para que al hacer click salgan los datos\n\t\t\tvar click =\"\";\n\t\t\tif ($(window).width() < 600) {\n                click =highlightFeature;\n            }\n            \n            \/\/le pone un fondo difente al color si no tiene iq\n            var fillColor=\"#888889\";\n            var iqFloat = parseFloat(layer.feature.properties.iq)\n            if(iqFloat<2){\n                fillColor=\"#395f90 \";\n            } \n            if(iqFloat<3 && iqFloat>=2){\n                fillColor=\"#2978bf\";\n            }\n            if(iqFloat<4 && iqFloat>=3){\n                fillColor=\"#3690cf\";\n            }4\n            if(iqFloat>=4 ){\n                fillColor = \"#63b1dd\";\n            }\n            \n            layer.setStyle({\n\t\t\t\t\"fillColor\": fillColor\n\t\t\t});\n            \n            if(layer.feature.properties.iq!=undefined ){\n               layer.on({\n\t\t\t\tmouseover: highlightFeature,\n\t\t\t\tmouseout: resetHighlight,\n\t\t\t\tclick: click\n\t\t\t});\n            }\n\t\t\t\n\t\t}\n\t\t\n\t\tgeojson = L.geoJson(statesData, {\n\t\t\tstyle: style,\n\t\t\tonEachFeature: onEachFeature\n\t\t}).addTo(map);\n\n\t\t});\t\n\t<\/script>\n\n\t\t<\/div>\n\t\t\t\t<\/div>\n\t\t\t\t\t\t<\/div>\n\t\t\t\t\t<\/div>\n\t\t<\/div>\n\t\t\t\t\t\t\t\t<\/div>\n\t\t\t\t\t<\/div>\n\t\t<\/section>\n\t\t\t\t<section class=\"has_eae_slider elementor-section elementor-top-section elementor-element elementor-element-34e479f1 elementor-section-boxed elementor-section-height-default elementor-section-height-default\" data-id=\"34e479f1\" data-element_type=\"section\">\n\t\t\t\t\t\t<div class=\"elementor-container elementor-column-gap-default\">\n\t\t\t\t\t\t\t<div class=\"elementor-row\">\n\t\t\t\t\t<div class=\"has_eae_slider elementor-column elementor-col-100 elementor-top-column elementor-element elementor-element-46fed4de\" data-id=\"46fed4de\" data-element_type=\"column\">\n\t\t\t<div class=\"elementor-column-wrap elementor-element-populated\">\n\t\t\t\t\t\t\t<div class=\"elementor-widget-wrap\">\n\t\t\t\t\t\t<div class=\"elementor-element elementor-element-7e8043c5 elementor-widget elementor-widget-heading\" data-id=\"7e8043c5\" data-element_type=\"widget\" data-widget_type=\"heading.default\">\n\t\t\t\t<div class=\"elementor-widget-container\">\n\t\t\t<h2 class=\"elementor-heading-title elementor-size-default\"><br>Los n\u00fameros InnoQuotient\n<br><\/h2>\t\t<\/div>\n\t\t\t\t<\/div>\n\t\t\t\t\t\t<\/div>\n\t\t\t\t\t<\/div>\n\t\t<\/div>\n\t\t\t\t\t\t\t\t<\/div>\n\t\t\t\t\t<\/div>\n\t\t<\/section>\n\t\t\t\t<section class=\"has_eae_slider elementor-section elementor-top-section elementor-element elementor-element-33c797bd elementor-section-boxed elementor-section-height-default elementor-section-height-default\" data-id=\"33c797bd\" data-element_type=\"section\">\n\t\t\t\t\t\t<div class=\"elementor-container elementor-column-gap-default\">\n\t\t\t\t\t\t\t<div class=\"elementor-row\">\n\t\t\t\t\t<div class=\"has_eae_slider elementor-column elementor-col-25 elementor-top-column elementor-element elementor-element-7d5781d0\" data-id=\"7d5781d0\" data-element_type=\"column\">\n\t\t\t<div class=\"elementor-column-wrap elementor-element-populated\">\n\t\t\t\t\t\t\t<div class=\"elementor-widget-wrap\">\n\t\t\t\t\t\t<div class=\"elementor-element elementor-element-5ccc9d79 elementor-widget elementor-widget-heading\" data-id=\"5ccc9d79\" data-element_type=\"widget\" data-widget_type=\"heading.default\">\n\t\t\t\t<div class=\"elementor-widget-container\">\n\t\t\t<h3 class=\"elementor-heading-title elementor-size-large\"><span id=\"map_empresas\" class=\"mapNumber\"><\/span><\/h3>\t\t<\/div>\n\t\t\t\t<\/div>\n\t\t\t\t<div class=\"elementor-element elementor-element-5d5f3faa elementor-widget elementor-widget-heading\" data-id=\"5d5f3faa\" data-element_type=\"widget\" data-widget_type=\"heading.default\">\n\t\t\t\t<div class=\"elementor-widget-container\">\n\t\t\t<h2 class=\"elementor-heading-title elementor-size-default\">Organizaciones<\/h2>\t\t<\/div>\n\t\t\t\t<\/div>\n\t\t\t\t\t\t<\/div>\n\t\t\t\t\t<\/div>\n\t\t<\/div>\n\t\t\t\t<div class=\"has_eae_slider elementor-column elementor-col-25 elementor-top-column elementor-element elementor-element-58cc37cf\" data-id=\"58cc37cf\" data-element_type=\"column\">\n\t\t\t<div class=\"elementor-column-wrap elementor-element-populated\">\n\t\t\t\t\t\t\t<div class=\"elementor-widget-wrap\">\n\t\t\t\t\t\t<div class=\"elementor-element elementor-element-5f75b6ec elementor-widget elementor-widget-heading\" data-id=\"5f75b6ec\" data-element_type=\"widget\" data-widget_type=\"heading.default\">\n\t\t\t\t<div class=\"elementor-widget-container\">\n\t\t\t<h3 class=\"elementor-heading-title elementor-size-large\"><span id=\"map_participantes\" class=\"mapNumber\"><\/span><\/h3>\t\t<\/div>\n\t\t\t\t<\/div>\n\t\t\t\t<div class=\"elementor-element elementor-element-739c170e elementor-widget elementor-widget-heading\" data-id=\"739c170e\" data-element_type=\"widget\" data-widget_type=\"heading.default\">\n\t\t\t\t<div class=\"elementor-widget-container\">\n\t\t\t<h2 class=\"elementor-heading-title elementor-size-default\">Participantes<\/h2>\t\t<\/div>\n\t\t\t\t<\/div>\n\t\t\t\t\t\t<\/div>\n\t\t\t\t\t<\/div>\n\t\t<\/div>\n\t\t\t\t<div class=\"has_eae_slider elementor-column elementor-col-25 elementor-top-column elementor-element elementor-element-5ae1c735\" data-id=\"5ae1c735\" data-element_type=\"column\">\n\t\t\t<div class=\"elementor-column-wrap elementor-element-populated\">\n\t\t\t\t\t\t\t<div class=\"elementor-widget-wrap\">\n\t\t\t\t\t\t<div class=\"elementor-element elementor-element-2e1b8404 elementor-widget elementor-widget-heading\" data-id=\"2e1b8404\" data-element_type=\"widget\" data-widget_type=\"heading.default\">\n\t\t\t\t<div class=\"elementor-widget-container\">\n\t\t\t<h3 class=\"elementor-heading-title elementor-size-large\"><span id=\"map_paises\" class=\"mapNumber\"><\/span><\/h3>\t\t<\/div>\n\t\t\t\t<\/div>\n\t\t\t\t<div class=\"elementor-element elementor-element-4bda44ea elementor-widget elementor-widget-heading\" data-id=\"4bda44ea\" data-element_type=\"widget\" data-widget_type=\"heading.default\">\n\t\t\t\t<div class=\"elementor-widget-container\">\n\t\t\t<h2 class=\"elementor-heading-title elementor-size-default\">Pa\u00edses<\/h2>\t\t<\/div>\n\t\t\t\t<\/div>\n\t\t\t\t\t\t<\/div>\n\t\t\t\t\t<\/div>\n\t\t<\/div>\n\t\t\t\t<div class=\"has_eae_slider elementor-column elementor-col-25 elementor-top-column elementor-element elementor-element-7d4a0f29\" data-id=\"7d4a0f29\" data-element_type=\"column\">\n\t\t\t<div class=\"elementor-column-wrap elementor-element-populated\">\n\t\t\t\t\t\t\t<div class=\"elementor-widget-wrap\">\n\t\t\t\t\t\t<div class=\"elementor-element elementor-element-6c83fab0 elementor-widget elementor-widget-heading\" data-id=\"6c83fab0\" data-element_type=\"widget\" data-widget_type=\"heading.default\">\n\t\t\t\t<div class=\"elementor-widget-container\">\n\t\t\t<h3 class=\"elementor-heading-title elementor-size-large\"><span id=\"map_idiomas\" class=\"mapNumber\"><\/span><\/h3>\t\t<\/div>\n\t\t\t\t<\/div>\n\t\t\t\t<div class=\"elementor-element elementor-element-28d148b8 elementor-widget elementor-widget-heading\" data-id=\"28d148b8\" data-element_type=\"widget\" data-widget_type=\"heading.default\">\n\t\t\t\t<div class=\"elementor-widget-container\">\n\t\t\t<h2 class=\"elementor-heading-title elementor-size-default\">Idiomas<\/h2>\t\t<\/div>\n\t\t\t\t<\/div>\n\t\t\t\t\t\t<\/div>\n\t\t\t\t\t<\/div>\n\t\t<\/div>\n\t\t\t\t\t\t\t\t<\/div>\n\t\t\t\t\t<\/div>\n\t\t<\/section>\n\t\t\t\t<section class=\"has_eae_slider elementor-section elementor-top-section elementor-element elementor-element-2bafbce6 seccion-contacto elementor-section-boxed elementor-section-height-default elementor-section-height-default\" data-id=\"2bafbce6\" data-element_type=\"section\" data-settings=\"{&quot;background_background&quot;:&quot;classic&quot;}\">\n\t\t\t\t\t\t<div class=\"elementor-container elementor-column-gap-default\">\n\t\t\t\t\t\t\t<div class=\"elementor-row\">\n\t\t\t\t\t<div class=\"has_eae_slider elementor-column elementor-col-100 elementor-top-column elementor-element elementor-element-69ff29a0\" data-id=\"69ff29a0\" data-element_type=\"column\">\n\t\t\t<div class=\"elementor-column-wrap elementor-element-populated\">\n\t\t\t\t\t\t\t<div class=\"elementor-widget-wrap\">\n\t\t\t\t\t\t<div class=\"elementor-element elementor-element-ee8d9d6 titulo elementor-widget elementor-widget-text-editor\" data-id=\"ee8d9d6\" data-element_type=\"widget\" data-widget_type=\"text-editor.default\">\n\t\t\t\t<div class=\"elementor-widget-container\">\n\t\t\t\t\t\t\t\t<div class=\"elementor-text-editor elementor-clearfix\">\n\t\t\t\t<p>\u00bfEn qu\u00e9 podemos ayudarte?<\/p>\t\t\t\t\t<\/div>\n\t\t\t\t\t\t<\/div>\n\t\t\t\t<\/div>\n\t\t\t\t<div class=\"elementor-element elementor-element-22aa632 elementor-widget elementor-widget-shortcode\" data-id=\"22aa632\" data-element_type=\"widget\" data-widget_type=\"shortcode.default\">\n\t\t\t\t<div class=\"elementor-widget-container\">\n\t\t\t\t\t<div class=\"elementor-shortcode\"><div role=\"form\" class=\"wpcf7\" id=\"wpcf7-f371-o1\" lang=\"en-US\" dir=\"ltr\">\n<div class=\"screen-reader-response\"><p role=\"status\" aria-live=\"polite\" aria-atomic=\"true\"><\/p> <ul><\/ul><\/div>\n<form action=\"\/dicere\/wp-json\/wp\/v2\/pages\/13#wpcf7-f371-o1\" method=\"post\" class=\"wpcf7-form init\" novalidate=\"novalidate\" data-status=\"init\">\n<div style=\"display: none;\">\n<input type=\"hidden\" name=\"_wpcf7\" value=\"371\" \/>\n<input type=\"hidden\" name=\"_wpcf7_version\" value=\"5.5.4\" \/>\n<input type=\"hidden\" name=\"_wpcf7_locale\" value=\"en_US\" \/>\n<input type=\"hidden\" name=\"_wpcf7_unit_tag\" value=\"wpcf7-f371-o1\" \/>\n<input type=\"hidden\" name=\"_wpcf7_container_post\" value=\"0\" \/>\n<input type=\"hidden\" name=\"_wpcf7_posted_data_hash\" value=\"\" \/>\n<input type=\"hidden\" name=\"_wpcf7_recaptcha_response\" value=\"\" \/>\n<\/div>\n<div id=\"responsive-form\" class=\"clearfix\">\n<div class=\"form-row\">\n<div class=\"column-half\">Nombre <span class=\"wpcf7-form-control-wrap first-name\"><input type=\"text\" name=\"first-name\" value=\"\" size=\"40\" class=\"wpcf7-form-control wpcf7-text wpcf7-validates-as-required\" aria-required=\"true\" aria-invalid=\"false\" \/><\/span><\/div>\n<div class=\"column-half\">Apellidos <span class=\"wpcf7-form-control-wrap last-name\"><input type=\"text\" name=\"last-name\" value=\"\" size=\"40\" class=\"wpcf7-form-control wpcf7-text wpcf7-validates-as-required\" aria-required=\"true\" aria-invalid=\"false\" \/><\/span><\/div>\n<\/div>\n<div class=\"form-row\">\n<div class=\"column-half\">Email <span class=\"wpcf7-form-control-wrap your-email\"><input type=\"email\" name=\"your-email\" value=\"\" size=\"40\" class=\"wpcf7-form-control wpcf7-text wpcf7-email wpcf7-validates-as-required wpcf7-validates-as-email\" aria-required=\"true\" aria-invalid=\"false\" \/><\/span><\/div>\n<div class=\"column-half\">Tel\u00e9fono <span class=\"wpcf7-form-control-wrap your-phone\"><input type=\"text\" name=\"your-phone\" value=\"\" size=\"40\" class=\"wpcf7-form-control wpcf7-text\" aria-invalid=\"false\" \/><\/span><\/div>\n<\/div>\n<div class=\"form-row\">\n<div class=\"column-half\">Empresa <span class=\"wpcf7-form-control-wrap your-company\"><input type=\"text\" name=\"your-company\" value=\"\" size=\"40\" class=\"wpcf7-form-control wpcf7-text\" aria-invalid=\"false\" \/><\/span><\/div>\n<div class=\"column-half\">Cargo <span class=\"wpcf7-form-control-wrap your-position\"><input type=\"text\" name=\"your-position\" value=\"\" size=\"40\" class=\"wpcf7-form-control wpcf7-text\" aria-invalid=\"false\" \/><\/span><\/div>\n<\/div>\n<div class=\"form-row\">\n<div class=\"column-full\">Tu mensaje  <span class=\"wpcf7-form-control-wrap your-message\"><textarea name=\"your-message\" cols=\"40\" rows=\"10\" class=\"wpcf7-form-control wpcf7-textarea wpcf7-validates-as-required\" aria-required=\"true\" aria-invalid=\"false\"><\/textarea><\/span><\/div>\n<\/div>\n<p><span class=\"wpcf7-form-control-wrap acceptance-356\"><span class=\"wpcf7-form-control wpcf7-acceptance\"><span class=\"wpcf7-list-item\"><label><input type=\"checkbox\" name=\"acceptance-356\" value=\"1\" aria-invalid=\"false\" \/><span class=\"wpcf7-list-item-label\">Consiento el uso de mis datos para los fines indicados en la <a href=\"http:\/\/webdev02.ticnux.com\/dicere\/privacidad\/?lang=es\">pol\u00edtica de privacidad <\/a>. <span style=\"color:#919191;\">(Requerido)<\/span><\/span><\/label><\/span><\/span><\/span><br \/>\n<span class=\"wpcf7-form-control-wrap acceptance-293\"><span class=\"wpcf7-form-control wpcf7-acceptance optional\"><span class=\"wpcf7-list-item\"><label><input type=\"checkbox\" name=\"acceptance-293\" value=\"1\" aria-invalid=\"false\" \/><span class=\"wpcf7-list-item-label\">Consiento el uso de mis datos personales para recibir publicidad de su entidad.<\/span><\/label><\/span><\/span><\/span><\/p>\n<div class=\"form-row\">\n<div class=\"column-full\"><input type=\"submit\" value=\"Enviar\" class=\"wpcf7-form-control has-spinner wpcf7-submit\" \/><\/div>\n<\/div>\n<\/div>\n<p><!--end responsive-form--><\/p>\n<div class=\"wpcf7-response-output\" aria-hidden=\"true\"><\/div><\/form><\/div><\/div>\n\t\t\t\t<\/div>\n\t\t\t\t<\/div>\n\t\t\t\t\t\t<\/div>\n\t\t\t\t\t<\/div>\n\t\t<\/div>\n\t\t\t\t\t\t\t\t<\/div>\n\t\t\t\t\t<\/div>\n\t\t<\/section>\n\t\t\t\t\t\t<\/div>\n\t\t\t\t\t\t<\/div>\n\t\t\t\t\t<\/div>\n\t\t","protected":false},"excerpt":{"rendered":"<p>Si puedes medir tu cultura, es que tambi\u00e9n puedes transformarla.\u00cdndices InnoQuotient InnoQuotient en el mundo Los n\u00fameros InnoQuotient Organizaciones Participantes Pa\u00edses Idiomas \u00bfEn qu\u00e9 podemos ayudarte?<\/p>\n","protected":false},"author":1,"featured_media":0,"parent":0,"menu_order":0,"comment_status":"closed","ping_status":"closed","template":"home-template.php","meta":[],"_links":{"self":[{"href":"http:\/\/webdev02.ticnux.com\/dicere\/wp-json\/wp\/v2\/pages\/13"}],"collection":[{"href":"http:\/\/webdev02.ticnux.com\/dicere\/wp-json\/wp\/v2\/pages"}],"about":[{"href":"http:\/\/webdev02.ticnux.com\/dicere\/wp-json\/wp\/v2\/types\/page"}],"author":[{"embeddable":true,"href":"http:\/\/webdev02.ticnux.com\/dicere\/wp-json\/wp\/v2\/users\/1"}],"replies":[{"embeddable":true,"href":"http:\/\/webdev02.ticnux.com\/dicere\/wp-json\/wp\/v2\/comments?post=13"}],"version-history":[{"count":51,"href":"http:\/\/webdev02.ticnux.com\/dicere\/wp-json\/wp\/v2\/pages\/13\/revisions"}],"predecessor-version":[{"id":5135,"href":"http:\/\/webdev02.ticnux.com\/dicere\/wp-json\/wp\/v2\/pages\/13\/revisions\/5135"}],"wp:attachment":[{"href":"http:\/\/webdev02.ticnux.com\/dicere\/wp-json\/wp\/v2\/media?parent=13"}],"curies":[{"name":"wp","href":"https:\/\/api.w.org\/{rel}","templated":true}]}}