{"id":2315,"date":"2020-12-14T10:03:54","date_gmt":"2020-12-14T10:03:54","guid":{"rendered":"http:\/\/webdev02.ticnux.com\/dicere\/founders\/"},"modified":"2021-04-23T11:23:59","modified_gmt":"2021-04-23T11:23:59","slug":"founders","status":"publish","type":"page","link":"http:\/\/webdev02.ticnux.com\/dicere\/founders\/","title":{"rendered":"Founders"},"content":{"rendered":"\t\t<div data-elementor-type=\"wp-page\" data-elementor-id=\"2315\" class=\"elementor elementor-2315 elementor-664\" data-elementor-settings=\"[]\">\n\t\t\t\t\t\t<div class=\"elementor-inner\">\n\t\t\t\t\t\t\t<div class=\"elementor-section-wrap\">\n\t\t\t\t\t\t\t<section class=\"has_eae_slider elementor-section elementor-top-section elementor-element elementor-element-d4fc768 elementor-section-full_width elementor-section-height-min-height elementor-section-items-top elementor-section-height-default\" data-id=\"d4fc768\" data-element_type=\"section\" data-settings=\"{&quot;background_background&quot;:&quot;classic&quot;}\">\n\t\t\t\t\t\t<div class=\"elementor-container elementor-column-gap-default\">\n\t\t\t\t\t\t\t<div class=\"elementor-row\">\n\t\t\t\t\t<div class=\"has_eae_slider elementor-column elementor-col-100 elementor-top-column elementor-element elementor-element-100f465\" data-id=\"100f465\" data-element_type=\"column\">\n\t\t\t<div class=\"elementor-column-wrap elementor-element-populated\">\n\t\t\t\t\t\t\t<div class=\"elementor-widget-wrap\">\n\t\t\t\t\t\t<div class=\"elementor-element elementor-element-68277e5 elementor-widget elementor-widget-heading\" data-id=\"68277e5\" data-element_type=\"widget\" data-widget_type=\"heading.default\">\n\t\t\t\t<div class=\"elementor-widget-container\">\n\t\t\t<h2 class=\"elementor-heading-title elementor-size-default\"><br>Founders<br><\/h2>\t\t<\/div>\n\t\t\t\t<\/div>\n\t\t\t\t\t\t<\/div>\n\t\t\t\t\t<\/div>\n\t\t<\/div>\n\t\t\t\t\t\t\t\t<\/div>\n\t\t\t\t\t<\/div>\n\t\t<\/section>\n\t\t\t\t<section class=\"has_eae_slider elementor-section elementor-top-section elementor-element elementor-element-6adb8e1 elementor-section-height-min-height fundadores-container elementor-section-boxed elementor-section-height-default elementor-section-items-middle\" data-id=\"6adb8e1\" data-element_type=\"section\">\n\t\t\t\t\t\t<div class=\"elementor-container elementor-column-gap-default\">\n\t\t\t\t\t\t\t<div class=\"elementor-row\">\n\t\t\t\t\t<div class=\"has_eae_slider elementor-column elementor-col-50 elementor-top-column elementor-element elementor-element-cca42d7\" data-id=\"cca42d7\" data-element_type=\"column\">\n\t\t\t<div class=\"elementor-column-wrap elementor-element-populated\">\n\t\t\t\t\t\t\t<div class=\"elementor-widget-wrap\">\n\t\t\t\t\t\t<div class=\"elementor-element elementor-element-5880a29 elementor-widget elementor-widget-html\" data-id=\"5880a29\" data-element_type=\"widget\" data-widget_type=\"html.default\">\n\t\t\t\t<div class=\"elementor-widget-container\">\n\t\t\t<div class=\"founder\">\n    <img src=\"http:\/\/webdev02.ticnux.com\/dicere\/wp-content\/uploads\/ray_jao.png\">\n    \n    <div class=\"name\">DR. JAY RAO<\/div>\n    <div class=\"title\">Founder of InnoQuotient SL.<\/div>\n    <div class=\"title\">Professor of Strategy and Innovation in Babson College (Boston).<\/div>\n    <div class=\"title\">Co-creator with Joseph Weintraub of the Innovation Culture Model.<\/div>\n    \n    <div class=\"description\">\n        <p>\n His executive teaching and consulting is in the areas of innovation, innovation initiatives within enterprises, entrepreneurial leadership, innovation culture and customer experience innovation.\n\n        <\/p>\n        <p>He has lead executive programs and\/or consulted for Novartis, Fresenius Medical Care, Pernod Ricard, Medtronic, Pictet, BBVA, BAE Systems, U.S. Navy, SABIC, Merck, EMC, Scania, Google India, Honeywell India, Baxter, Bayer, PWC, Assa Abloy Americas, Repsol, Iberdrola, Fidelity, Merrill Lynch, Boston Scientific, Vanke, and others. \n<\/p>\n<p>\n    He hails from a 75-year old family-business and sits on the board of Hymamshu College (India). He is on the Strategic Advisory Board of Andor Health, US.\n\n<\/p>\n       \n        <p>Co-author of <i>The Discipline &amp; Culture of Innovation<\/i> and <i>Innovaci\u00f3n 2.0<\/i> (with Fran Chuan). His research has appeared in The Sloan Management Review, Journal of Innovative Management, The European Business Review, The European Financial Review, Cornell Hotel and Restaurant Administration Quarterly and others.\n<\/p>\n    <\/div>\n  \n\n <div class=\"description\"><\/div>\n  <div class=\"founder-networks\">\n     <span class=\"bold\">LK: <\/span><a href=\"https:\/\/www.linkedin.com\/in\/raoj\/\" target=\"_blank\">raoj<\/a><br\/>\n     <span class=\"bold\">TW: <\/span><a href=\"https:\/\/twitter.com\/innoyogi\" target=\"_blank\">innoyogi<\/a><br\/>\n     <span><a href=\"mailto:raoj@babson.edu\">raoj@babson.edu<\/a><\/span>\n <\/div>\n<\/div>\t\t<\/div>\n\t\t\t\t<\/div>\n\t\t\t\t\t\t<\/div>\n\t\t\t\t\t<\/div>\n\t\t<\/div>\n\t\t\t\t<div class=\"has_eae_slider elementor-column elementor-col-50 elementor-top-column elementor-element elementor-element-989c14b\" data-id=\"989c14b\" data-element_type=\"column\">\n\t\t\t<div class=\"elementor-column-wrap elementor-element-populated\">\n\t\t\t\t\t\t\t<div class=\"elementor-widget-wrap\">\n\t\t\t\t\t\t<div class=\"elementor-element elementor-element-c7fd8d7 elementor-widget elementor-widget-html\" data-id=\"c7fd8d7\" data-element_type=\"widget\" data-widget_type=\"html.default\">\n\t\t\t\t<div class=\"elementor-widget-container\">\n\t\t\t<div class=\"founder\">\n    <img src=\"http:\/\/webdev02.ticnux.com\/dicere\/wp-content\/uploads\/Fran.png\">\n    <div class=\"name\">FRAN CHUAN<\/div>\n    <div class=\"title\">Founder of InnoQuotient SL. <\/div>\n    <div class=\"title\">Innovation Advisor, Innovation Ecosystem Coach, Trusted Advisor, Author and Speake.\n<\/div>\n<div class=\"title\">Founder of <a href=\"https:\/\/franchuan.com\/en\/home\/\" target=\"_blank\">FranChuan.com<\/a> <\/div>\n\n    <div class=\"title\"><\/div>\n    <div class=\"description\">\n        <p>He is an international keynote speaker and gives talks and workshops about innovation from different approaches. In particular, Fran inspires people to implement the culture of innovation in their organizations. \n        <\/p>\n        <p>Has has collaborated with companies such as Airbus, Repsol, Thales, Entrepinares, Gamesa, Celgene, Merck, Rittal, Reckitt Benckiser, Cimsa, Leroy Merlin, Condis, Amphos21, Ledesma, Bancolombia, Diproinduca Toronto, Grupo Campos, CBC and Prosegur in Lima, ANDI Medell\u00edn and C\u00e1mara de Comercio de Bogot\u00e1, among others. His main goal has been accompanying organizations in their cultural transformation to obtain innovative results aimed at encouraging the Culture of Innovation.\n\n<\/p>\n\n<p>\n    Trusted Advisor to several Boards of Direction in national and international companies.\n<\/p>\n        <p>Member of the Advisory Board of Digital Future Shapers, <i>programme<\/i> of the Mobile World Capital, Barcelona.\n<\/p>\n<p>\n    Collaborator at Babson College in Boston, PAD in Peru, IESE in Spain and Germany and EDEM in Spain.\n<\/p>\n        <p>Co-author of <i>Innovaci\u00f3n 2.0<\/i> and <i>The Discipline<\/i> &amp; <i>Culture of Innovation<\/i> (with professor Jay Rao), and author of <i>Autenticidad.<\/i>\n<\/p>\n    <\/div>\n     <div class=\"founder-networks\">\n     <span class=\"bold\">LK: <\/span><a href=\"https:\/\/www.linkedin.com\/in\/franchuan\/?originalSubdomain=es\" target=\"_blank\">franchuan<\/a><br\/>\n      <span class=\"bold\">TW: <\/span><a href=\"https:\/\/twitter.com\/fchuan\" target=\"_blank\">fchuan<\/a><br\/>\n     <span><a href=\"mailto:fchuan@franchuan.com\">fchuan@franchuan.com<\/a><\/span>\n<\/div>\t\t<\/div>\n\t\t\t\t<\/div>\n\t\t\t\t\t\t<\/div>\n\t\t\t\t\t<\/div>\n\t\t<\/div>\n\t\t\t\t\t\t\t\t<\/div>\n\t\t\t\t\t<\/div>\n\t\t<\/section>\n\t\t\t\t<section class=\"has_eae_slider elementor-section elementor-top-section elementor-element elementor-element-0ab287c elementor-section-boxed elementor-section-height-default elementor-section-height-default\" data-id=\"0ab287c\" data-element_type=\"section\" data-settings=\"{&quot;background_background&quot;:&quot;classic&quot;}\">\n\t\t\t\t\t\t<div class=\"elementor-container elementor-column-gap-default\">\n\t\t\t\t\t\t\t<div class=\"elementor-row\">\n\t\t\t\t\t<div class=\"has_eae_slider elementor-column elementor-col-100 elementor-top-column elementor-element elementor-element-2b44d51\" data-id=\"2b44d51\" data-element_type=\"column\">\n\t\t\t<div class=\"elementor-column-wrap elementor-element-populated\">\n\t\t\t\t\t\t\t<div class=\"elementor-widget-wrap\">\n\t\t\t\t\t\t<div class=\"elementor-element elementor-element-31723ff titulo elementor-widget elementor-widget-heading\" data-id=\"31723ff\" data-element_type=\"widget\" data-widget_type=\"heading.default\">\n\t\t\t\t<div class=\"elementor-widget-container\">\n\t\t\t<h2 class=\"elementor-heading-title elementor-size-default\">How can we help you?<\/h2>\t\t<\/div>\n\t\t\t\t<\/div>\n\t\t\t\t<div class=\"elementor-element elementor-element-02583f2 elementor-widget elementor-widget-shortcode\" data-id=\"02583f2\" data-element_type=\"widget\" data-widget_type=\"shortcode.default\">\n\t\t\t\t<div class=\"elementor-widget-container\">\n\t\t\t\t\t<div class=\"elementor-shortcode\"><div role=\"form\" class=\"wpcf7\" id=\"wpcf7-f1760-o1\" lang=\"en-US\" dir=\"ltr\">\n<div class=\"screen-reader-response\"><p role=\"status\" aria-live=\"polite\" aria-atomic=\"true\"><\/p> <ul><\/ul><\/div>\n<form action=\"\/dicere\/wp-json\/wp\/v2\/pages\/2315#wpcf7-f1760-o1\" method=\"post\" class=\"wpcf7-form init\" novalidate=\"novalidate\" data-status=\"init\">\n<div style=\"display: none;\">\n<input type=\"hidden\" name=\"_wpcf7\" value=\"1760\" \/>\n<input type=\"hidden\" name=\"_wpcf7_version\" value=\"5.5.4\" \/>\n<input type=\"hidden\" name=\"_wpcf7_locale\" value=\"en_US\" \/>\n<input type=\"hidden\" name=\"_wpcf7_unit_tag\" value=\"wpcf7-f1760-o1\" \/>\n<input type=\"hidden\" name=\"_wpcf7_container_post\" value=\"0\" \/>\n<input type=\"hidden\" name=\"_wpcf7_posted_data_hash\" value=\"\" \/>\n<input type=\"hidden\" name=\"_wpcf7_recaptcha_response\" value=\"\" \/>\n<\/div>\n<div id=\"responsive-form\" class=\"clearfix\">\n<div class=\"form-row\">\n<div class=\"column-half\">Name<span class=\"wpcf7-form-control-wrap first-name\"><input type=\"text\" name=\"first-name\" value=\"\" size=\"40\" class=\"wpcf7-form-control wpcf7-text wpcf7-validates-as-required\" aria-required=\"true\" aria-invalid=\"false\" \/><\/span><\/div>\n<div class=\"column-half\">Surname<span class=\"wpcf7-form-control-wrap last-name\"><input type=\"text\" name=\"last-name\" value=\"\" size=\"40\" class=\"wpcf7-form-control wpcf7-text wpcf7-validates-as-required\" aria-required=\"true\" aria-invalid=\"false\" \/><\/span><\/div>\n<\/div>\n<div class=\"form-row\">\n<div class=\"column-half\">Email <span class=\"wpcf7-form-control-wrap your-email\"><input type=\"email\" name=\"your-email\" value=\"\" size=\"40\" class=\"wpcf7-form-control wpcf7-text wpcf7-email wpcf7-validates-as-required wpcf7-validates-as-email\" aria-required=\"true\" aria-invalid=\"false\" \/><\/span><\/div>\n<div class=\"column-half\">Telephone <span class=\"wpcf7-form-control-wrap your-phone\"><input type=\"text\" name=\"your-phone\" value=\"\" size=\"40\" class=\"wpcf7-form-control wpcf7-text\" aria-invalid=\"false\" \/><\/span><\/div>\n<\/div>\n<div class=\"form-row\">\n<div class=\"column-half\">Organization <span class=\"wpcf7-form-control-wrap your-company\"><input type=\"text\" name=\"your-company\" value=\"\" size=\"40\" class=\"wpcf7-form-control wpcf7-text\" aria-invalid=\"false\" \/><\/span><\/div>\n<div class=\"column-half\">Position <span class=\"wpcf7-form-control-wrap your-position\"><input type=\"text\" name=\"your-position\" value=\"\" size=\"40\" class=\"wpcf7-form-control wpcf7-text\" aria-invalid=\"false\" \/><\/span><\/div>\n<\/div>\n<div class=\"form-row\">\n<div class=\"column-full\">Message  <span class=\"wpcf7-form-control-wrap your-message\"><textarea name=\"your-message\" cols=\"40\" rows=\"10\" class=\"wpcf7-form-control wpcf7-textarea wpcf7-validates-as-required\" aria-required=\"true\" aria-invalid=\"false\"><\/textarea><\/span><\/div>\n<\/div>\n<p><span class=\"wpcf7-form-control-wrap acceptance-549\"><span class=\"wpcf7-form-control wpcf7-acceptance\"><span class=\"wpcf7-list-item\"><label><input type=\"checkbox\" name=\"acceptance-549\" value=\"1\" aria-invalid=\"false\" \/><span class=\"wpcf7-list-item-label\">I agree to the use of my data for the purposes specified under <a href=\"http:\/\/webdev02.ticnux.com\/dicere\/privacy\/\">privacy policy<\/a>. \n <span style=\"color:#919191;\">(Required)<\/span><\/span><\/label><\/span><\/span><\/span><br \/>\n<span class=\"wpcf7-form-control-wrap acceptance-550\"><span class=\"wpcf7-form-control wpcf7-acceptance optional\"><span class=\"wpcf7-list-item\"><label><input type=\"checkbox\" name=\"acceptance-550\" value=\"1\" aria-invalid=\"false\" \/><span class=\"wpcf7-list-item-label\">I agree to the use of my data to receive marketing communications from you.<\/span><\/label><\/span><\/span><\/span><\/p>\n<div class=\"form-row\">\n<div class=\"column-full\"><input type=\"submit\" value=\"Submit\" class=\"wpcf7-form-control has-spinner wpcf7-submit\" \/><\/div>\n<\/div>\n<\/div>\n<p><!--end responsive-form--><\/p>\n<div class=\"wpcf7-response-output\" aria-hidden=\"true\"><\/div><\/form><\/div><\/div>\n\t\t\t\t<\/div>\n\t\t\t\t<\/div>\n\t\t\t\t\t\t<\/div>\n\t\t\t\t\t<\/div>\n\t\t<\/div>\n\t\t\t\t\t\t\t\t<\/div>\n\t\t\t\t\t<\/div>\n\t\t<\/section>\n\t\t\t\t\t\t<\/div>\n\t\t\t\t\t\t<\/div>\n\t\t\t\t\t<\/div>\n\t\t","protected":false},"excerpt":{"rendered":"<p>Founders DR. JAY RAO Founder of InnoQuotient SL. Professor of Strategy and Innovation in Babson College (Boston). Co-creator with Joseph Weintraub of the Innovation Culture Model. His executive teaching and consulting is in the areas of innovation, innovation initiatives within enterprises, entrepreneurial leadership, innovation culture and customer experience innovation. He has lead executive programs and\/or [&hellip;]<\/p>\n","protected":false},"author":1,"featured_media":0,"parent":0,"menu_order":0,"comment_status":"closed","ping_status":"closed","template":"home-template.php","meta":[],"_links":{"self":[{"href":"http:\/\/webdev02.ticnux.com\/dicere\/wp-json\/wp\/v2\/pages\/2315"}],"collection":[{"href":"http:\/\/webdev02.ticnux.com\/dicere\/wp-json\/wp\/v2\/pages"}],"about":[{"href":"http:\/\/webdev02.ticnux.com\/dicere\/wp-json\/wp\/v2\/types\/page"}],"author":[{"embeddable":true,"href":"http:\/\/webdev02.ticnux.com\/dicere\/wp-json\/wp\/v2\/users\/1"}],"replies":[{"embeddable":true,"href":"http:\/\/webdev02.ticnux.com\/dicere\/wp-json\/wp\/v2\/comments?post=2315"}],"version-history":[{"count":39,"href":"http:\/\/webdev02.ticnux.com\/dicere\/wp-json\/wp\/v2\/pages\/2315\/revisions"}],"predecessor-version":[{"id":4790,"href":"http:\/\/webdev02.ticnux.com\/dicere\/wp-json\/wp\/v2\/pages\/2315\/revisions\/4790"}],"wp:attachment":[{"href":"http:\/\/webdev02.ticnux.com\/dicere\/wp-json\/wp\/v2\/media?parent=2315"}],"curies":[{"name":"wp","href":"https:\/\/api.w.org\/{rel}","templated":true}]}}